{"id":76,"date":"2020-03-30T13:10:35","date_gmt":"2020-03-30T13:10:35","guid":{"rendered":"http:\/\/fenixnetbr.fenixnet.dominiotemporario.com\/cvago\/?page_id=76"},"modified":"2020-03-30T13:10:35","modified_gmt":"2020-03-30T13:10:35","slug":"objetivo","status":"publish","type":"page","link":"http:\/\/cvago.com.br\/?page_id=76","title":{"rendered":"Objetivo"},"content":{"rendered":"\n<h2 class=\"wp-block-heading\"><strong>Constitui Objeto Primordial do CVAGO<\/strong><\/h2>\n\n\n\n<p>A congrega\u00e7\u00e3o de propriet\u00e1rios e apreciadores de autom\u00f3veis e ve\u00edculos antigos, cl\u00e1ssicos ou ve\u00edculos de interesse especial com a finalidade de incrementar a preserva\u00e7\u00e3o , restaura\u00e7\u00e3o e conserva\u00e7\u00e3o do mesmo , cultivando a tradi\u00e7\u00e3o e protegendo o patrim\u00f4nio automobil\u00edstico nacional .<\/p>\n\n\n\n<p>No curso de suas atividades , o CVAGO proporcionar\u00e1 um contato mais \u00edntimo entre os propriet\u00e1rios e apreciadores de tais ve\u00edculos , de forma a ajud\u00e1-los na solu\u00e7\u00e3o de problemas t\u00e9cnicos , orienta\u00e7\u00f5es e facilidades para localiza\u00e7\u00e3o de pe\u00e7as originais .<\/p>\n\n\n\n<p>O clube procurar\u00e1 despertar o gosto pelos ve\u00edculos antigos, sensibilizando autoridades para a import\u00e2ncia destes na hist\u00f3ria e na mem\u00f3ria do Pa\u00eds, e, dentro deste esp\u00edrito, promover\u00e1 exposi\u00e7\u00f5es, competi\u00e7\u00f5es esportivas e desfiles, assim como interc\u00e2mbio com entidades cong\u00eaneres no pa\u00eds e no Exterior.<\/p>\n\n\n\n<p>O Clube tamb\u00e9m congregar\u00e1 e incentivar\u00e1 os adeptos do modelismo, considerando esta atividade como uma forma de aprecia\u00e7\u00e3o e preserva\u00e7\u00e3o da Mem\u00f3ria de Ve\u00edculos Antigos.<br><\/p>\n","protected":false},"excerpt":{"rendered":"<p>Constitui Objeto Primordial do CVAGO A congrega\u00e7\u00e3o de propriet\u00e1rios e apreciadores de autom\u00f3veis e ve\u00edculos antigos, cl\u00e1ssicos ou ve\u00edculos de interesse especial com a finalidade de incrementar a preserva\u00e7\u00e3o , restaura\u00e7\u00e3o e conserva\u00e7\u00e3o do mesmo , cultivando a tradi\u00e7\u00e3o e&#8230;<\/p>\n","protected":false},"author":1,"featured_media":0,"parent":0,"menu_order":0,"comment_status":"closed","ping_status":"closed","template":"","meta":{"footnotes":""},"class_list":["post-76","page","type-page","status-publish","hentry","no-post-thumbnail"],"_links":{"self":[{"href":"http:\/\/cvago.com.br\/index.php?rest_route=\/wp\/v2\/pages\/76","targetHints":{"allow":["GET"]}}],"collection":[{"href":"http:\/\/cvago.com.br\/index.php?rest_route=\/wp\/v2\/pages"}],"about":[{"href":"http:\/\/cvago.com.br\/index.php?rest_route=\/wp\/v2\/types\/page"}],"author":[{"embeddable":true,"href":"http:\/\/cvago.com.br\/index.php?rest_route=\/wp\/v2\/users\/1"}],"replies":[{"embeddable":true,"href":"http:\/\/cvago.com.br\/index.php?rest_route=%2Fwp%2Fv2%2Fcomments&post=76"}],"version-history":[{"count":0,"href":"http:\/\/cvago.com.br\/index.php?rest_route=\/wp\/v2\/pages\/76\/revisions"}],"wp:attachment":[{"href":"http:\/\/cvago.com.br\/index.php?rest_route=%2Fwp%2Fv2%2Fmedia&parent=76"}],"curies":[{"name":"wp","href":"https:\/\/api.w.org\/{rel}","templated":true}]}}